{"id":16,"date":"2021-07-16T13:59:24","date_gmt":"2021-07-16T13:59:24","guid":{"rendered":"http:\/\/retoitalia.org\/?page_id=16"},"modified":"2021-08-12T09:42:41","modified_gmt":"2021-08-12T09:42:41","slug":"home","status":"publish","type":"page","link":"https:\/\/retoitalia.org\/","title":{"rendered":"Inizio"},"content":{"rendered":"\n<div class=\"wp-block-buttons alignfull is-content-justification-center is-layout-flex wp-block-buttons-is-layout-flex\">\n<div class=\"wp-block-button has-custom-width wp-block-button__width-100 has-custom-font-size is-style-fill\" style=\"font-size:30px\"><a class=\"wp-block-button__link\" href=\"Tel:038121393\" style=\"border-radius:0px\">Chiamare ORA<\/a><\/div>\n<\/div>\n\n\n\n<div class=\"wp-block-nextend-smartslider3\"><\/div>\n\n\n\n<h2 class=\"has-text-align-center has-luminous-vivid-orange-color has-text-color has-huge-font-size wp-block-heading\" style=\"font-weight:700\">CHI SIAMO<\/h2>\n\n\n\n<p class=\"has-text-align-center has-large-font-size\" style=\"line-height:1.4\">Siamo una Associazione Cristiana (onlus), auto gestita, senza scopo di lucro e indipendente dal sostegno di enti governativi.<\/p>\n\n\n\n<hr class=\"wp-block-separator has-text-color has-background has-theme-palette-8-background-color has-theme-palette-8-color is-style-default\"\/>\n\n\n\n<div class=\"wp-block-columns has-theme-palette-9-color has-text-color has-background is-layout-flex wp-container-core-columns-layout-1 wp-block-columns-is-layout-flex\" style=\"background-color:#dbdbe4\">\n<div class=\"wp-block-column is-layout-flow wp-block-column-is-layout-flow\">\n<div class=\"wp-block-group is-layout-flow wp-block-group-is-layout-flow\"><div class=\"wp-block-group__inner-container\">\n<h2 class=\"has-text-align-left has-luminous-vivid-orange-color has-text-color has-huge-font-size wp-block-heading\" style=\"font-weight:400\"><strong>SCOPO<\/strong><\/h2>\n\n\n\n<p class=\"has-black-color has-text-color has-large-font-size\">Lo scopo della Fondazione Reto alla Speranza \u00e8 quello di fornire un aiuto gratuito a tutti coloro che lo desiderano, a tutti i tipi di tossicodipendenti. Reto \u00e8 una fondazione privata e senza scopo di lucro che non dipende dal sostegno del governo o di altri enti.<\/p>\n<\/div><\/div>\n\n\n\n<p><\/p>\n<\/div>\n\n\n\n<div class=\"wp-block-column is-layout-flow wp-block-column-is-layout-flow\">\n<h2 class=\"has-text-align-left has-luminous-vivid-orange-color has-text-color has-huge-font-size wp-block-heading\" style=\"font-weight:400\"><strong>GRATUITO<\/strong><\/h2>\n\n\n\n<p class=\"has-black-color has-text-color has-large-font-size\">\u00c8 completamente gratuito. Attraverso varie attivit\u00e0, vengono impegnati coloro che sono in riabilitazione. Sia come parte del trattamento, ma anche come mezzo per finanziare le attivit\u00e0 quotidiane. La fondazione \u00e8 quindi autofinanziata.<\/p>\n<\/div>\n\n\n\n<div class=\"wp-block-column is-layout-flow wp-block-column-is-layout-flow\">\n<h2 class=\"has-text-align-left has-luminous-vivid-orange-color has-text-color has-huge-font-size wp-block-heading\" style=\"font-weight:400\"><strong>DOMANDE<\/strong><\/h2>\n\n\n\n<p class=\"has-black-color has-text-color has-large-font-size\">Perch\u00e9 \u00e8 gratuito?<br>Quanto dura il trattamento?<br>Posso fumare durante il trattamento?      Si utilizzano farmaci per il trattamento?Posso fidarmi del programma Reto?<br>Abbiamo raccolto alcune delle domande pi\u00f9 comuni con le relative risposte<\/p>\n<\/div>\n<\/div>\n\n\n\n<figure class=\"wp-block-image alignfull size-large\"><img loading=\"lazy\" decoding=\"async\" width=\"1024\" height=\"493\" src=\"http:\/\/retoitalia.org\/wp-content\/uploads\/2021\/08\/noi-ti-offriamo-aiuto-immediato-e-gratuito-4-1024x493.png\" alt=\"\" class=\"wp-image-575\" srcset=\"https:\/\/retoitalia.org\/wp-content\/uploads\/2021\/08\/noi-ti-offriamo-aiuto-immediato-e-gratuito-4-1024x493.png 1024w, https:\/\/retoitalia.org\/wp-content\/uploads\/2021\/08\/noi-ti-offriamo-aiuto-immediato-e-gratuito-4-300x144.png 300w, https:\/\/retoitalia.org\/wp-content\/uploads\/2021\/08\/noi-ti-offriamo-aiuto-immediato-e-gratuito-4-768x370.png 768w, https:\/\/retoitalia.org\/wp-content\/uploads\/2021\/08\/noi-ti-offriamo-aiuto-immediato-e-gratuito-4-425x205.png 425w, https:\/\/retoitalia.org\/wp-content\/uploads\/2021\/08\/noi-ti-offriamo-aiuto-immediato-e-gratuito-4.png 1350w\" sizes=\"(max-width: 1024px) 100vw, 1024px\" \/><\/figure>\n\n\n<div class=\"wp-block-columns\">&nbsp;<\/div>\n\n\n<div class=\"wp-block-buttons alignwide is-content-justification-center is-layout-flex wp-block-buttons-is-layout-flex\">\n<div class=\"wp-block-button has-custom-width wp-block-button__width-100 has-custom-font-size is-style-outline\" style=\"font-size:30px\"><a class=\"wp-block-button__link has-luminous-vivid-orange-color has-text-color\" href=\"Tel:0776565559\">Chiamare ORA<\/a><\/div>\n\n\n\n<div class=\"wp-block-button has-custom-width wp-block-button__width-50 is-style-outline\"><a class=\"wp-block-button__link has-accent-font-color has-accent-background-color has-text-color has-background\" href=\"tel:038121393\">Vigevano 038121393<\/a><\/div>\n\n\n\n<div class=\"wp-block-button has-custom-width wp-block-button__width-50 is-style-outline\"><a class=\"wp-block-button__link has-accent-font-color has-black-background-color has-text-color has-background\" href=\"tel:0776565559\">Roccasecca 0776565559<\/a><\/div>\n\n\n\n<div class=\"wp-block-button has-custom-width wp-block-button__width-50 is-style-outline\"><a class=\"wp-block-button__link has-accent-font-color has-black-background-color has-text-color has-background\" href=\"tel:0248464439\">Trezzano 0248464439<\/a><\/div>\n\n\n\n<div class=\"wp-block-button has-custom-width wp-block-button__width-50 is-style-outline\"><a class=\"wp-block-button__link has-accent-font-color has-accent-background-color has-text-color has-background\" href=\"tel:0131346974\">Alessandria 0131346974<\/a><\/div>\n\n\n\n<div class=\"wp-block-button has-custom-width wp-block-button__width-50 is-style-outline\"><a class=\"wp-block-button__link has-accent-font-color has-accent-background-color has-text-color has-background\" href=\"tel:3207599332\">Roma 3207599332<\/a><\/div>\n\n\n\n<div class=\"wp-block-button has-custom-width wp-block-button__width-50 is-style-outline\"><a class=\"wp-block-button__link has-accent-font-color has-black-background-color has-text-color has-background\" href=\"tel:0776329033\">Cassino 0776329033<\/a><\/div>\n<\/div>\n\n\n\n<p><\/p>\n","protected":false},"excerpt":{"rendered":"<p>CHI SIAMO Siamo una Associazione Cristiana (onlus), auto gestita, senza scopo di lucro e indipendente dal sostegno di enti governativi. SCOPO Lo scopo della Fondazione Reto alla Speranza \u00e8 quello di fornire un aiuto gratuito a tutti coloro che lo desiderano, a tutti i tipi di tossicodipendenti. Reto \u00e8 una fondazione privata e senza scopo di lucro che non dipende dal sostegno del governo o di altri enti. GRATUITO \u00c8 completamente gratuito. Attraverso varie attivit\u00e0, vengono impegnati coloro che sono in riabilitazione. Sia come parte del trattamento, ma anche come mezzo per finanziare le attivit\u00e0 quotidiane. La fondazione \u00e8 quindi autofinanziata. DOMANDE Perch\u00e9 \u00e8 gratuito?Quanto<span class=\"more-link-wrap\"><a class=\"more-link\" href=\"https:\/\/retoitalia.org\/\">Read More &rarr;<\/a><\/span><\/p>\n","protected":false},"author":3,"featured_media":0,"parent":0,"menu_order":0,"comment_status":"closed","ping_status":"closed","template":"","meta":{"footnotes":""},"amp_enabled":false,"_links":{"self":[{"href":"https:\/\/retoitalia.org\/index.php?rest_route=\/wp\/v2\/pages\/16"}],"collection":[{"href":"https:\/\/retoitalia.org\/index.php?rest_route=\/wp\/v2\/pages"}],"about":[{"href":"https:\/\/retoitalia.org\/index.php?rest_route=\/wp\/v2\/types\/page"}],"author":[{"embeddable":true,"href":"https:\/\/retoitalia.org\/index.php?rest_route=\/wp\/v2\/users\/3"}],"replies":[{"embeddable":true,"href":"https:\/\/retoitalia.org\/index.php?rest_route=%2Fwp%2Fv2%2Fcomments&post=16"}],"version-history":[{"count":91,"href":"https:\/\/retoitalia.org\/index.php?rest_route=\/wp\/v2\/pages\/16\/revisions"}],"predecessor-version":[{"id":582,"href":"https:\/\/retoitalia.org\/index.php?rest_route=\/wp\/v2\/pages\/16\/revisions\/582"}],"wp:attachment":[{"href":"https:\/\/retoitalia.org\/index.php?rest_route=%2Fwp%2Fv2%2Fmedia&parent=16"}],"curies":[{"name":"wp","href":"https:\/\/api.w.org\/{rel}","templated":true}]}}