{"id":109,"date":"2021-07-21T07:53:01","date_gmt":"2021-07-21T07:53:01","guid":{"rendered":"http:\/\/retoitalia.org\/?page_id=109"},"modified":"2021-08-10T09:02:11","modified_gmt":"2021-08-10T09:02:11","slug":"domande","status":"publish","type":"page","link":"https:\/\/retoitalia.org\/?page_id=109","title":{"rendered":"DOMANDE"},"content":{"rendered":"\n<figure class=\"wp-block-image alignwide size-full is-style-default\"><img loading=\"lazy\" decoding=\"async\" width=\"1350\" height=\"650\" src=\"http:\/\/retoitalia.org\/wp-content\/uploads\/2021\/08\/noi-ti-offriamo-aiuto-immediato-e-gratuito-1.png\" alt=\"\" class=\"wp-image-302\" srcset=\"https:\/\/retoitalia.org\/wp-content\/uploads\/2021\/08\/noi-ti-offriamo-aiuto-immediato-e-gratuito-1.png 1350w, https:\/\/retoitalia.org\/wp-content\/uploads\/2021\/08\/noi-ti-offriamo-aiuto-immediato-e-gratuito-1-300x144.png 300w, https:\/\/retoitalia.org\/wp-content\/uploads\/2021\/08\/noi-ti-offriamo-aiuto-immediato-e-gratuito-1-1024x493.png 1024w, https:\/\/retoitalia.org\/wp-content\/uploads\/2021\/08\/noi-ti-offriamo-aiuto-immediato-e-gratuito-1-768x370.png 768w, https:\/\/retoitalia.org\/wp-content\/uploads\/2021\/08\/noi-ti-offriamo-aiuto-immediato-e-gratuito-1-425x205.png 425w\" sizes=\"(max-width: 1350px) 100vw, 1350px\" \/><\/figure>\n\n\n\n<p><blockquote>\n<h2 style=\"text-align: center;\"><span style=\"color: #ff6600;\"><strong>Domande che la gente ci rivolge spesso.<\/strong><\/span><\/h2>\n<hr>\n<p>&nbsp;<\/p>\n<ol>\n<li><span style=\"color: #ff6600;\"><strong><strong>Perch\u00e9 il Centro \u00e8 gratuito?<\/strong><\/strong><\/span>\n<p>Vogliamo che tutti coloro che cercano aiuto lo ottengano. Pertanto, \u00e8 importante che non ci siano ostacoli nel modo pi\u00f9 assoluto, visto che \u00e8 molto importante allontanare tempestivamente l\u2019utente dall\u2019ambiente dove ha vissuto negli ultimi tempi; famiglia compresa.<\/p>\n<p>L&#8217;Associazione attraverso alcuni lavori esterni ed attivit\u00e0 artigianali interne, riesce a mantenersi senza l\u2019aiuto degli enti governativi e senza gli aiuti che possono arrivare dalle famiglie o da vari donatori.<\/p>\n<\/li>\n<li>\n<p><span style=\"color: #ff6600;\"><strong>Quanto dura il programma?<\/strong><\/span><\/p>\n<p>\u00c8 importante comprendere che i tempi di risposta al programma sono soggettivi, quindi completamente individuali. L\u2019\u2019utente trascorre generalmente un anno o pi\u00f9 nel programma di trattamento e viene spesso messo davanti alla realt\u00e0 sociale, visto e considerato che la comunit\u00e0 \u00e8 un luogo dove non ci si chiude dentro, ma si ha l\u2019opportunit\u00e0 di stare a contatto col mondo esterno; e pi\u00f9 facile osservare i cambiamenti di una persona.<\/p>\n<\/li>\n<li>\n<p><span style=\"color: #ff6600;\"><strong>Il programma pu\u00f2 essere effettuato anche all&#8217;estero?<\/strong><\/span><\/p>\n<p>Se ci dovessero essere le ragioni per le quali sia meglio allontanare la persona cos\u00ec tanto, verrebbe comunque indirizzato verso un nostro distaccamento in Spagna o Croazia, che sono pi\u00f9 prossime a noi.<\/p>\n<\/li>\n<li>\n<p><span style=\"color: #ff6600;\"><strong>Un possibile viaggio&nbsp; in un centro estero \u00e8 a carico del centro?<\/strong><\/span><\/p>\n<p>No, il viaggio non \u00e8 a nostre spese, mentre l\u2019inserimento nella struttura \u00e8 gratuito.<\/p>\n<\/li>\n<li>\n<p><span style=\"color: #ff6600;\"><strong>Si utilizzano farmaci per il trattamento?<\/strong><\/span><\/p>\n<p>No, non usiamo farmaci sostitutivi per il trattamento.<\/p>\n<\/li>\n<li>\n<p><span style=\"color: #ff6600;\"><strong>Si pu\u00f2 fumare nel centro?<\/strong><\/span><\/p>\n<p>No, perch\u00e8 vogliamo che l\u2019utente sia libero da ogni dipendenza, compresa il fumo.<\/p>\n<\/li>\n<li>\n<p><span style=\"color: #ff6600;\"><strong>Posso fare quello che voglio durante la mia permanenza?<\/strong><\/span><\/p>\n<p>No, perch\u00e8 verr\u00e0 seguito costantemente dagli operatori che la indirizzeranno in tutto il percorso.<\/p>\n<\/li>\n<li>\n<p><span style=\"color: #ff6600;\"><strong>Posso interrompere il programma quando voglio?<\/strong><\/span><\/p>\n<p>Si, come l\u2019entrata nel centro \u00e8 volontaria, anche l\u2019uscita e libera quando l\u2019individuo lo creda meglio. Sicuramente il centro prover\u00e0 a dissuadere una persona che non termina il programma, ma alla fine ognuno \u00e8 libero di decidere.<\/p>\n<\/li>\n<li>\n<p><span style=\"color: #ff6600;\"><strong>Avr\u00f2 una stanza tutta per me?<\/strong><\/span><\/p>\n<p>No, ci sono stanze comuni e crediamo ci siano le dovute ragioni per le quali reputiamo indispensabile che ognuno sia monitorato di continuo.<\/p>\n<\/li>\n<li>\n<p><span style=\"color: #ff6600;\"><strong>Centro Reto ha un fondamento religioso?<\/strong><\/span><\/p>\n<p>Si, l\u2019Associazione Reto crede che l&#8217;unico che pu\u00f2 liberare \u00e8 Cristo Ges\u00f9. Questo \u00e8 il fulcro del nostro lavoro di riabilitazione. Allo stesso tempo, la nostra intenzione \u00e8 quella di fornire un aiuto gratuito a chiunque lo desideri, senza alcun tipo di discriminazione sociale, razziale, religiosa, sessuale o di malattia.<\/p>\n<\/li>\n<li>\n<p><span style=\"color: #ff6600;\"><strong>Devo essere cristiano per cominciare il programma?<\/strong><\/span><\/p>\n<p>No, la nostra intenzione \u00e8 quella di fornire un aiuto gratuito a chiunque lo desideri per poi presentare la verit\u00e0 dell\u2019Evangelo.<\/p>\n<\/li>\n<li>\n<p><span style=\"color: #ff6600;\"><strong>Reto cerca di fare un lavaggio del cervello affinch\u00e8 le persone cambino?<\/strong><\/span><\/p>\n<p>No, non vogliamo forzare nessuno, ma come sappiamo per esperienza del bene che abbiamo ricevuto, \u00e8 naturale che tentiamo di trasmetterlo a chiunque, non soltanto ai tossicodipendenti. Non abbiamo programmi nascosti o secondi fini dietro il nostro lavoro, piuttosto siamo guidati dalla nostra fede in Ges\u00f9 Cristo.<\/p>\n<\/li>\n<li>\n<p><span style=\"color: #ff6600;\"><strong>Posso fidarmi del programma Reto?<\/strong><\/span><\/p>\n<p>Fin dal 1985 l\u2019Associazione Reto ha accolto moltissime persone con problemi di droghe, e molte di loro sono state liberate; infatti moltissime persone hanno deciso di vivere e lavorare volontariamente nel centro, avendo trovato uno scopo nobile nella vita, per servire il prossimo e anche crearsi una famiglia.<\/p>\n<\/li>\n<li>\n<p><span style=\"color: #ff6600;\"><strong>Potr\u00f2 utilizzare il mio smartphone, tablet o apparati simili?<\/strong><\/span><\/p>\n<p>No, poich\u00e9 vogliamo aiutare l&#8217;individuo a uscire dalla schiavit\u00f9. Non consentiamo questi dispositivi durante la permanenza nei nostri centri. Per molti, questo pu\u00f2 sembrare estremo, ma la nostra esperienza ci insegna che proprio questi tipi di dispositivi possono ritardare o, nel peggiore dei casi, impedire il successo del trattamento.<\/p>\n<p>&nbsp;<\/p>\n<p><span style=\"color: #ff6600;\"><strong>Se vuoi chiederci qualcos\u2019altro, contattaci pure.<\/strong><\/span><\/p>\n<\/li>\n<\/ol>\n<\/blockquote><\/p>\n\n\n\n<div class=\"wp-block-buttons alignwide is-content-justification-center is-layout-flex wp-block-buttons-is-layout-flex\">\n<div class=\"wp-block-button has-custom-width wp-block-button__width-100 has-custom-font-size is-style-outline has-large-font-size\"><a class=\"wp-block-button__link has-luminous-vivid-orange-color has-text-color\" style=\"border-radius:0px\">Chiamare ORA<\/a><\/div>\n\n\n\n<div class=\"wp-block-button has-custom-width wp-block-button__width-50 is-style-outline\"><a class=\"wp-block-button__link has-accent-font-color has-accent-background-color has-text-color has-background\" href=\"tel:038121393\">Vigevano 038121393 <\/a><\/div>\n\n\n\n<div class=\"wp-block-button has-custom-width wp-block-button__width-50 is-style-outline\"><a class=\"wp-block-button__link has-accent-font-color has-black-background-color has-text-color has-background\" href=\"tel:0776565559\">Roccasecca 0776565559<\/a><\/div>\n\n\n\n<div class=\"wp-block-button has-custom-width wp-block-button__width-50 is-style-outline\"><a class=\"wp-block-button__link has-accent-font-color has-black-background-color has-text-color has-background\" href=\"tel:0248464439\">Trezzano 0248464439<\/a><\/div>\n\n\n\n<div class=\"wp-block-button has-custom-width wp-block-button__width-50 is-style-outline\"><a class=\"wp-block-button__link has-accent-font-color has-accent-background-color has-text-color has-background\">Alessandria 0131346974<\/a><\/div>\n\n\n\n<div class=\"wp-block-button has-custom-width wp-block-button__width-50 is-style-outline\"><a class=\"wp-block-button__link has-accent-font-color has-accent-background-color has-text-color has-background\" href=\"tel:3207599332\">Roma 3207599332<\/a><\/div>\n\n\n\n<div class=\"wp-block-button has-custom-width wp-block-button__width-50 is-style-outline\"><a class=\"wp-block-button__link has-accent-font-color has-black-background-color has-text-color has-background\" href=\"tel:07763290033\">Cassino 07763290033<\/a><\/div>\n<\/div>\n\n\n\n<p><\/p>\n","protected":false},"excerpt":{"rendered":"<p>Domande che la gente ci rivolge spesso. &nbsp; Perch\u00e9 il Centro \u00e8 gratuito? Vogliamo che tutti coloro che cercano aiuto lo ottengano. Pertanto, \u00e8 importante che non ci siano ostacoli nel modo pi\u00f9 assoluto, visto che \u00e8 molto importante allontanare tempestivamente l\u2019utente dall\u2019ambiente dove ha vissuto negli ultimi tempi; famiglia compresa. L&#8217;Associazione attraverso alcuni lavori esterni ed attivit\u00e0 artigianali interne, riesce a mantenersi senza l\u2019aiuto degli enti governativi e senza gli aiuti che possono arrivare dalle famiglie o da vari donatori. Quanto dura il programma? \u00c8 importante comprendere che i tempi di risposta al programma sono soggettivi, quindi completamente individuali. L\u2019\u2019utente trascorre generalmente un anno<span class=\"more-link-wrap\"><a class=\"more-link\" href=\"https:\/\/retoitalia.org\/?page_id=109\">Read More &rarr;<\/a><\/span><\/p>\n","protected":false},"author":3,"featured_media":0,"parent":0,"menu_order":0,"comment_status":"closed","ping_status":"closed","template":"","meta":{"footnotes":""},"amp_enabled":true,"_links":{"self":[{"href":"https:\/\/retoitalia.org\/index.php?rest_route=\/wp\/v2\/pages\/109"}],"collection":[{"href":"https:\/\/retoitalia.org\/index.php?rest_route=\/wp\/v2\/pages"}],"about":[{"href":"https:\/\/retoitalia.org\/index.php?rest_route=\/wp\/v2\/types\/page"}],"author":[{"embeddable":true,"href":"https:\/\/retoitalia.org\/index.php?rest_route=\/wp\/v2\/users\/3"}],"replies":[{"embeddable":true,"href":"https:\/\/retoitalia.org\/index.php?rest_route=%2Fwp%2Fv2%2Fcomments&post=109"}],"version-history":[{"count":30,"href":"https:\/\/retoitalia.org\/index.php?rest_route=\/wp\/v2\/pages\/109\/revisions"}],"predecessor-version":[{"id":482,"href":"https:\/\/retoitalia.org\/index.php?rest_route=\/wp\/v2\/pages\/109\/revisions\/482"}],"wp:attachment":[{"href":"https:\/\/retoitalia.org\/index.php?rest_route=%2Fwp%2Fv2%2Fmedia&parent=109"}],"curies":[{"name":"wp","href":"https:\/\/api.w.org\/{rel}","templated":true}]}}